{"id":8,"date":"2024-03-11T12:23:23","date_gmt":"2024-03-11T12:23:23","guid":{"rendered":"https:\/\/waxtreme.com.br\/?page_id=8"},"modified":"2024-06-30T02:28:56","modified_gmt":"2024-06-30T02:28:56","slug":"home","status":"publish","type":"page","link":"https:\/\/waxtreme.com.br\/","title":{"rendered":"Home"},"content":{"rendered":"\n<div class=\"wp-block-cover alignfull\" style=\"min-height:720px;aspect-ratio:unset;\"><span aria-hidden=\"true\" class=\"wp-block-cover__background has-ast-global-color-2-background-color has-background-dim-100 has-background-dim\"><\/span><div class=\"wp-block-cover__inner-container is-layout-flow wp-block-cover-is-layout-flow\">\n<div class=\"inherit-container-width wp-block-group alignwide is-layout-constrained wp-block-group-is-layout-constrained\">\n<div class=\"wp-block-media-text alignwide has-media-on-the-right is-stacked-on-mobile is-vertically-aligned-center\" style=\"grid-template-columns:auto 43%\"><div class=\"wp-block-media-text__content\">\n<h1 class=\"wp-block-heading has-text-align-left has-white-color has-text-color\">Sua marca de est\u00e9tica automotiva de luxo<\/h1>\n\n\n\n<p>Produtos de est\u00e9tica automotiva que facilitam sua vida com muito luxo.<\/p>\n\n\n\n<div class=\"wp-block-buttons is-layout-flex wp-block-buttons-is-layout-flex\"><\/div>\n<\/div><figure class=\"wp-block-media-text__media\"><img loading=\"lazy\" decoding=\"async\" width=\"828\" height=\"520\" src=\"https:\/\/waxtreme.com.br\/wp-content\/uploads\/2024\/03\/Waxtreme_Logo-Empilhado_Branco-1.png\" alt=\"\" class=\"wp-image-46 size-full\" srcset=\"https:\/\/waxtreme.com.br\/wp-content\/uploads\/2024\/03\/Waxtreme_Logo-Empilhado_Branco-1.png 828w, https:\/\/waxtreme.com.br\/wp-content\/uploads\/2024\/03\/Waxtreme_Logo-Empilhado_Branco-1-300x188.png 300w, https:\/\/waxtreme.com.br\/wp-content\/uploads\/2024\/03\/Waxtreme_Logo-Empilhado_Branco-1-768x482.png 768w\" sizes=\"auto, (max-width: 828px) 100vw, 828px\" \/><\/figure><\/div>\n<\/div>\n<\/div><\/div>\n\n\n\n<div class=\"wp-block-group alignfull has-ast-global-color-5-background-color has-background is-layout-constrained wp-container-core-group-is-layout-94d206d0 wp-block-group-is-layout-constrained\" id=\"about\" style=\"padding-top:143px;padding-bottom:144px\">\n<div class=\"wp-block-media-text has-media-on-the-right is-stacked-on-mobile is-vertically-aligned-center\"><div class=\"wp-block-media-text__content\">\n<div class=\"inherit-container-width wp-block-group is-layout-constrained wp-container-core-group-is-layout-47ce07ec wp-block-group-is-layout-constrained\" style=\"padding-right:80px\">\n<h2 class=\"wp-block-heading has-ast-global-color-2-color has-text-color has-link-color wp-elements-614fbda7e4bbabdb346285d7df5c8b24\" style=\"padding-right:40px\">UMA MARCA QUE VAI FACILITAR SUA VIDA COM MUITO LUXO <\/h2>\n\n\n\n<p><strong>Waxtreme<\/strong>: A Ess\u00eancia do Brilho Automotivo<\/p>\n\n\n\n<p>A marca de luxo&nbsp;<strong>Waxtreme<\/strong>&nbsp;personifica a excel\u00eancia na est\u00e9tica automotiva. Combinando paix\u00e3o, inova\u00e7\u00e3o e qualidade, a Waxtreme oferece uma linha exclusiva de produtos que elevam o cuidado com o seu ve\u00edculo a um n\u00edvel superior.<\/p>\n<\/div>\n<\/div><figure class=\"wp-block-media-text__media\"><img loading=\"lazy\" decoding=\"async\" width=\"626\" height=\"334\" src=\"https:\/\/waxtreme.com.br\/wp-content\/uploads\/2024\/03\/Waxtreme_Simbolo_Preto.png\" alt=\"\" class=\"wp-image-21 size-full\" srcset=\"https:\/\/waxtreme.com.br\/wp-content\/uploads\/2024\/03\/Waxtreme_Simbolo_Preto.png 626w, https:\/\/waxtreme.com.br\/wp-content\/uploads\/2024\/03\/Waxtreme_Simbolo_Preto-300x160.png 300w\" sizes=\"auto, (max-width: 626px) 100vw, 626px\" \/><\/figure><\/div>\n<\/div>\n\n\n\n<div class=\"wp-block-group alignfull has-ast-global-color-4-background-color has-background is-layout-constrained wp-container-core-group-is-layout-6a2cfb7b wp-block-group-is-layout-constrained\" id=\"reviews\">\n<p class=\"has-text-align-center\" style=\"font-size:22px;line-height:1.6\">\u201cComo entusiasta de carros, n\u00e3o posso deixar de expressar minha admira\u00e7\u00e3o pela&nbsp;<strong>Waxtreme<\/strong>. Esta marca de est\u00e9tica automotiva transcende as expectativas, oferecendo produtos que s\u00e3o verdadeiras obras de arte para nossos ve\u00edculos..\u201d<\/p>\n\n\n\n<p class=\"has-text-align-center\"><strong> <\/strong>Jos\u00e9 de Alvarenga<\/p>\n<\/div>\n\n\n\n<div class=\"wp-block-group alignfull has-ast-global-color-2-background-color has-background is-layout-constrained wp-container-core-group-is-layout-cfcca693 wp-block-group-is-layout-constrained\" id=\"contact\" style=\"padding-top:104px;padding-bottom:104px\">\n<h2 class=\"wp-block-heading has-text-align-center has-text-color\" style=\"color:#ffffff\">Tenha os melhores produtos de est\u00e9tica automotiva ainda hoje!<\/h2>\n\n\n\n<div class=\"wp-block-buttons alignwide is-horizontal is-content-justification-center is-layout-flex wp-container-core-buttons-is-layout-bba8380a wp-block-buttons-is-layout-flex\" style=\"margin-top:50px\"><\/div>\n<\/div>\n","protected":false},"excerpt":{"rendered":"<p>UMA MARCA QUE VAI FACILITAR SUA VIDA COM MUITO LUXO Waxtreme: A Ess\u00eancia do Brilho Automotivo A marca de luxo&nbsp;Waxtreme&nbsp;personifica [&hellip;]<\/p>\n","protected":false},"author":1,"featured_media":0,"parent":0,"menu_order":0,"comment_status":"closed","ping_status":"closed","template":"","meta":{"site-sidebar-layout":"no-sidebar","site-content-layout":"plain-container","ast-site-content-layout":"default","site-content-style":"default","site-sidebar-style":"default","ast-global-header-display":"","ast-banner-title-visibility":"","ast-main-header-display":"","ast-hfb-above-header-display":"","ast-hfb-below-header-display":"","ast-hfb-mobile-header-display":"","site-post-title":"disabled","ast-breadcrumbs-content":"","ast-featured-img":"","footer-sml-layout":"","theme-transparent-header-meta":"enabled","adv-header-id-meta":"","stick-header-meta":"","header-above-stick-meta":"","header-main-stick-meta":"","header-below-stick-meta":"","astra-migrate-meta-layouts":"default","ast-page-background-enabled":"default","ast-page-background-meta":{"desktop":{"background-color":"var(--ast-global-color-4)","background-image":"","background-repeat":"repeat","background-position":"center center","background-size":"auto","background-attachment":"scroll","background-type":"","background-media":"","overlay-type":"","overlay-color":"","overlay-opacity":"","overlay-gradient":""},"tablet":{"background-color":"","background-image":"","background-repeat":"repeat","background-position":"center center","background-size":"auto","background-attachment":"scroll","background-type":"","background-media":"","overlay-type":"","overlay-color":"","overlay-opacity":"","overlay-gradient":""},"mobile":{"background-color":"","background-image":"","background-repeat":"repeat","background-position":"center center","background-size":"auto","background-attachment":"scroll","background-type":"","background-media":"","overlay-type":"","overlay-color":"","overlay-opacity":"","overlay-gradient":""}},"ast-content-background-meta":{"desktop":{"background-color":"var(--ast-global-color-5)","background-image":"","background-repeat":"repeat","background-position":"center center","background-size":"auto","background-attachment":"scroll","background-type":"","background-media":"","overlay-type":"","overlay-color":"","overlay-opacity":"","overlay-gradient":""},"tablet":{"background-color":"var(--ast-global-color-5)","background-image":"","background-repeat":"repeat","background-position":"center center","background-size":"auto","background-attachment":"scroll","background-type":"","background-media":"","overlay-type":"","overlay-color":"","overlay-opacity":"","overlay-gradient":""},"mobile":{"background-color":"var(--ast-global-color-5)","background-image":"","background-repeat":"repeat","background-position":"center center","background-size":"auto","background-attachment":"scroll","background-type":"","background-media":"","overlay-type":"","overlay-color":"","overlay-opacity":"","overlay-gradient":""}},"footnotes":""},"class_list":["post-8","page","type-page","status-publish","hentry"],"yoast_head":"<!-- This site is optimized with the Yoast SEO plugin v25.6 - https:\/\/yoast.com\/wordpress\/plugins\/seo\/ -->\n<title>Home - Waxtreme<\/title>\n<meta name=\"robots\" content=\"index, follow, max-snippet:-1, max-image-preview:large, max-video-preview:-1\" \/>\n<link rel=\"canonical\" href=\"https:\/\/waxtreme.com.br\/\" \/>\n<meta property=\"og:locale\" content=\"pt_BR\" \/>\n<meta property=\"og:type\" content=\"article\" \/>\n<meta property=\"og:title\" content=\"Home - Waxtreme\" \/>\n<meta property=\"og:description\" content=\"UMA MARCA QUE VAI FACILITAR SUA VIDA COM MUITO LUXO Waxtreme: A Ess\u00eancia do Brilho Automotivo A marca de luxo&nbsp;Waxtreme&nbsp;personifica [&hellip;]\" \/>\n<meta property=\"og:url\" content=\"https:\/\/waxtreme.com.br\/\" \/>\n<meta property=\"og:site_name\" content=\"Waxtreme\" \/>\n<meta property=\"article:modified_time\" content=\"2024-06-30T02:28:56+00:00\" \/>\n<meta property=\"og:image\" content=\"https:\/\/waxtreme.com.br\/wp-content\/uploads\/2024\/03\/Waxtreme_Logo-Empilhado_Branco-1.png\" \/>\n<meta name=\"twitter:card\" content=\"summary_large_image\" \/>\n<meta name=\"twitter:label1\" content=\"Est. tempo de leitura\" \/>\n\t<meta name=\"twitter:data1\" content=\"2 minutos\" \/>\n<script type=\"application\/ld+json\" class=\"yoast-schema-graph\">{\"@context\":\"https:\/\/schema.org\",\"@graph\":[{\"@type\":\"WebPage\",\"@id\":\"https:\/\/waxtreme.com.br\/\",\"url\":\"https:\/\/waxtreme.com.br\/\",\"name\":\"Home - Waxtreme\",\"isPartOf\":{\"@id\":\"https:\/\/waxtreme.com.br\/#website\"},\"primaryImageOfPage\":{\"@id\":\"https:\/\/waxtreme.com.br\/#primaryimage\"},\"image\":{\"@id\":\"https:\/\/waxtreme.com.br\/#primaryimage\"},\"thumbnailUrl\":\"https:\/\/waxtreme.com.br\/wp-content\/uploads\/2024\/03\/Waxtreme_Logo-Empilhado_Branco-1.png\",\"datePublished\":\"2024-03-11T12:23:23+00:00\",\"dateModified\":\"2024-06-30T02:28:56+00:00\",\"breadcrumb\":{\"@id\":\"https:\/\/waxtreme.com.br\/#breadcrumb\"},\"inLanguage\":\"pt-BR\",\"potentialAction\":[{\"@type\":\"ReadAction\",\"target\":[\"https:\/\/waxtreme.com.br\/\"]}]},{\"@type\":\"ImageObject\",\"inLanguage\":\"pt-BR\",\"@id\":\"https:\/\/waxtreme.com.br\/#primaryimage\",\"url\":\"https:\/\/waxtreme.com.br\/wp-content\/uploads\/2024\/03\/Waxtreme_Logo-Empilhado_Branco-1.png\",\"contentUrl\":\"https:\/\/waxtreme.com.br\/wp-content\/uploads\/2024\/03\/Waxtreme_Logo-Empilhado_Branco-1.png\",\"width\":828,\"height\":520},{\"@type\":\"BreadcrumbList\",\"@id\":\"https:\/\/waxtreme.com.br\/#breadcrumb\",\"itemListElement\":[{\"@type\":\"ListItem\",\"position\":1,\"name\":\"In\u00edcio\",\"item\":\"https:\/\/waxtreme.com.br\/\"},{\"@type\":\"ListItem\",\"position\":2,\"name\":\"Home\"}]},{\"@type\":\"WebSite\",\"@id\":\"https:\/\/waxtreme.com.br\/#website\",\"url\":\"https:\/\/waxtreme.com.br\/\",\"name\":\"Waxtreme\",\"description\":\"\",\"publisher\":{\"@id\":\"https:\/\/waxtreme.com.br\/#organization\"},\"potentialAction\":[{\"@type\":\"SearchAction\",\"target\":{\"@type\":\"EntryPoint\",\"urlTemplate\":\"https:\/\/waxtreme.com.br\/?s={search_term_string}\"},\"query-input\":{\"@type\":\"PropertyValueSpecification\",\"valueRequired\":true,\"valueName\":\"search_term_string\"}}],\"inLanguage\":\"pt-BR\"},{\"@type\":\"Organization\",\"@id\":\"https:\/\/waxtreme.com.br\/#organization\",\"name\":\"Waxtreme\",\"url\":\"https:\/\/waxtreme.com.br\/\",\"logo\":{\"@type\":\"ImageObject\",\"inLanguage\":\"pt-BR\",\"@id\":\"https:\/\/waxtreme.com.br\/#\/schema\/logo\/image\/\",\"url\":\"https:\/\/waxtreme.com.br\/wp-content\/uploads\/2024\/03\/cropped-Waxtreme_Tipografia_Dourado.png\",\"contentUrl\":\"https:\/\/waxtreme.com.br\/wp-content\/uploads\/2024\/03\/cropped-Waxtreme_Tipografia_Dourado.png\",\"width\":741,\"height\":129,\"caption\":\"Waxtreme\"},\"image\":{\"@id\":\"https:\/\/waxtreme.com.br\/#\/schema\/logo\/image\/\"}}]}<\/script>\n<!-- \/ Yoast SEO plugin. -->","yoast_head_json":{"title":"Home - Waxtreme","robots":{"index":"index","follow":"follow","max-snippet":"max-snippet:-1","max-image-preview":"max-image-preview:large","max-video-preview":"max-video-preview:-1"},"canonical":"https:\/\/waxtreme.com.br\/","og_locale":"pt_BR","og_type":"article","og_title":"Home - Waxtreme","og_description":"UMA MARCA QUE VAI FACILITAR SUA VIDA COM MUITO LUXO Waxtreme: A Ess\u00eancia do Brilho Automotivo A marca de luxo&nbsp;Waxtreme&nbsp;personifica [&hellip;]","og_url":"https:\/\/waxtreme.com.br\/","og_site_name":"Waxtreme","article_modified_time":"2024-06-30T02:28:56+00:00","og_image":[{"url":"https:\/\/waxtreme.com.br\/wp-content\/uploads\/2024\/03\/Waxtreme_Logo-Empilhado_Branco-1.png","type":"","width":"","height":""}],"twitter_card":"summary_large_image","twitter_misc":{"Est. tempo de leitura":"2 minutos"},"schema":{"@context":"https:\/\/schema.org","@graph":[{"@type":"WebPage","@id":"https:\/\/waxtreme.com.br\/","url":"https:\/\/waxtreme.com.br\/","name":"Home - Waxtreme","isPartOf":{"@id":"https:\/\/waxtreme.com.br\/#website"},"primaryImageOfPage":{"@id":"https:\/\/waxtreme.com.br\/#primaryimage"},"image":{"@id":"https:\/\/waxtreme.com.br\/#primaryimage"},"thumbnailUrl":"https:\/\/waxtreme.com.br\/wp-content\/uploads\/2024\/03\/Waxtreme_Logo-Empilhado_Branco-1.png","datePublished":"2024-03-11T12:23:23+00:00","dateModified":"2024-06-30T02:28:56+00:00","breadcrumb":{"@id":"https:\/\/waxtreme.com.br\/#breadcrumb"},"inLanguage":"pt-BR","potentialAction":[{"@type":"ReadAction","target":["https:\/\/waxtreme.com.br\/"]}]},{"@type":"ImageObject","inLanguage":"pt-BR","@id":"https:\/\/waxtreme.com.br\/#primaryimage","url":"https:\/\/waxtreme.com.br\/wp-content\/uploads\/2024\/03\/Waxtreme_Logo-Empilhado_Branco-1.png","contentUrl":"https:\/\/waxtreme.com.br\/wp-content\/uploads\/2024\/03\/Waxtreme_Logo-Empilhado_Branco-1.png","width":828,"height":520},{"@type":"BreadcrumbList","@id":"https:\/\/waxtreme.com.br\/#breadcrumb","itemListElement":[{"@type":"ListItem","position":1,"name":"In\u00edcio","item":"https:\/\/waxtreme.com.br\/"},{"@type":"ListItem","position":2,"name":"Home"}]},{"@type":"WebSite","@id":"https:\/\/waxtreme.com.br\/#website","url":"https:\/\/waxtreme.com.br\/","name":"Waxtreme","description":"","publisher":{"@id":"https:\/\/waxtreme.com.br\/#organization"},"potentialAction":[{"@type":"SearchAction","target":{"@type":"EntryPoint","urlTemplate":"https:\/\/waxtreme.com.br\/?s={search_term_string}"},"query-input":{"@type":"PropertyValueSpecification","valueRequired":true,"valueName":"search_term_string"}}],"inLanguage":"pt-BR"},{"@type":"Organization","@id":"https:\/\/waxtreme.com.br\/#organization","name":"Waxtreme","url":"https:\/\/waxtreme.com.br\/","logo":{"@type":"ImageObject","inLanguage":"pt-BR","@id":"https:\/\/waxtreme.com.br\/#\/schema\/logo\/image\/","url":"https:\/\/waxtreme.com.br\/wp-content\/uploads\/2024\/03\/cropped-Waxtreme_Tipografia_Dourado.png","contentUrl":"https:\/\/waxtreme.com.br\/wp-content\/uploads\/2024\/03\/cropped-Waxtreme_Tipografia_Dourado.png","width":741,"height":129,"caption":"Waxtreme"},"image":{"@id":"https:\/\/waxtreme.com.br\/#\/schema\/logo\/image\/"}}]}},"_links":{"self":[{"href":"https:\/\/waxtreme.com.br\/index.php\/wp-json\/wp\/v2\/pages\/8","targetHints":{"allow":["GET"]}}],"collection":[{"href":"https:\/\/waxtreme.com.br\/index.php\/wp-json\/wp\/v2\/pages"}],"about":[{"href":"https:\/\/waxtreme.com.br\/index.php\/wp-json\/wp\/v2\/types\/page"}],"author":[{"embeddable":true,"href":"https:\/\/waxtreme.com.br\/index.php\/wp-json\/wp\/v2\/users\/1"}],"replies":[{"embeddable":true,"href":"https:\/\/waxtreme.com.br\/index.php\/wp-json\/wp\/v2\/comments?post=8"}],"version-history":[{"count":9,"href":"https:\/\/waxtreme.com.br\/index.php\/wp-json\/wp\/v2\/pages\/8\/revisions"}],"predecessor-version":[{"id":73,"href":"https:\/\/waxtreme.com.br\/index.php\/wp-json\/wp\/v2\/pages\/8\/revisions\/73"}],"wp:attachment":[{"href":"https:\/\/waxtreme.com.br\/index.php\/wp-json\/wp\/v2\/media?parent=8"}],"curies":[{"name":"wp","href":"https:\/\/api.w.org\/{rel}","templated":true}]}}